{"id":19892,"date":"2022-06-15T15:33:28","date_gmt":"2022-06-15T19:33:29","guid":{"rendered":"https:\/\/levertendre.com\/?post_type=product&#038;p=19892"},"modified":"2026-04-03T16:30:24","modified_gmt":"2026-04-03T20:30:24","slug":"zoobox-88","status":"publish","type":"product","link":"https:\/\/levertendre.com\/en\/location\/zoobox-88\/","title":{"rendered":"Zoobox 88"},"content":{"rendered":"\t\t<div data-elementor-type=\"product-post\" data-elementor-id=\"19892\" class=\"elementor elementor-19892 elementor-19891\" data-elementor-settings=\"[]\">\n\t\t\t\t\t\t<div class=\"elementor-inner\">\n\t\t\t\t\t\t\t<div class=\"elementor-section-wrap\">\n\t\t\t\t\t\t\t<section class=\"elementor-section elementor-top-section elementor-element elementor-element-5428780d elementor-section-boxed elementor-section-height-default elementor-section-height-default\" data-id=\"5428780d\" data-element_type=\"section\">\n\t\t\t\t\t\t<div class=\"elementor-container elementor-column-gap-default\">\n\t\t\t\t\t\t\t<div class=\"elementor-row\">\n\t\t\t\t\t<div class=\"elementor-column elementor-col-100 elementor-top-column elementor-element elementor-element-2789c9f6\" data-id=\"2789c9f6\" data-element_type=\"column\">\n\t\t\t<div class=\"elementor-column-wrap elementor-element-populated\">\n\t\t\t\t\t\t\t<div class=\"elementor-widget-wrap\">\n\t\t\t\t\t\t<div class=\"elementor-element elementor-element-79fd6e85 elementor-widget elementor-widget-text-editor\" data-id=\"79fd6e85\" data-element_type=\"widget\" data-widget_type=\"text-editor.default\">\n\t\t\t\t<div class=\"elementor-widget-container\">\n\t\t\t\t\t<div class=\"elementor-text-editor elementor-clearfix\"><p><span style=\"color: rgb(51, 51, 51); font-size: 15px;\">You will walk 1,2 km with your luggage from the parking lot (\u2018P\u2019) to your Zoobox via the \u201cPassage des Courageux\u201d.<\/span><\/p>\n<h5><span style=\"font-weight: normal;\">We offer assistance with luggage transportation by reservation and only during business hours.&nbsp;<\/span><\/h5>\n<h5>Check-in at 4 p.m. \u2013 Check-out at 11 a.m.<\/h5>\n<h5>Check-in and check-out are self-service. You will receive instructions on our booking platform.<\/h5>\n<h5>Please contact the front desk or go to the purple trailer (across from 125 Chemin Gilbert) for assistance during business hours.<\/h5>\n<p>CITQ establishment number : to come<\/p><\/div>\n\t\t\t\t<\/div>\n\t\t\t\t<\/div>\n\t\t\t\t\t\t<\/div>\n\t\t\t\t\t<\/div>\n\t\t<\/div>\n\t\t\t\t\t\t\t\t<\/div>\n\t\t\t\t\t<\/div>\n\t\t<\/section>\n\t\t\t\t\t\t<\/div>\n\t\t\t\t\t\t<\/div>\n\t\t\t\t\t<\/div>\n\t\t","protected":false},"excerpt":{"rendered":"<p>Zoobox de troisi\u00e8me g\u00e9n\u00e9ration<\/p>\n","protected":false},"featured_media":21122,"comment_status":"open","ping_status":"closed","template":"","meta":[],"acf":[],"yoast_head":"<!-- This site is optimized with the Yoast SEO plugin v14.8.1 - https:\/\/yoast.com\/wordpress\/plugins\/seo\/ -->\n<title>Zoobox 88 | Le Vertendre<\/title>\n<meta name=\"robots\" content=\"index, follow\" \/>\n<meta name=\"googlebot\" content=\"index, follow, max-snippet:-1, max-image-preview:large, max-video-preview:-1\" \/>\n<meta name=\"bingbot\" content=\"index, follow, max-snippet:-1, max-image-preview:large, max-video-preview:-1\" \/>\n<link rel=\"canonical\" href=\"https:\/\/levertendre.com\/en\/location\/zoobox-88\/\" \/>\n<meta property=\"og:locale\" content=\"en_US\" \/>\n<meta property=\"og:type\" content=\"article\" \/>\n<meta property=\"og:title\" content=\"Zoobox 88 | Le Vertendre\" \/>\n<meta property=\"og:description\" content=\"Zoobox de troisi\u00e8me g\u00e9n\u00e9ration\" \/>\n<meta property=\"og:url\" content=\"https:\/\/levertendre.com\/en\/location\/zoobox-88\/\" \/>\n<meta property=\"og:site_name\" content=\"Le Vertendre\" \/>\n<meta property=\"article:publisher\" content=\"https:\/\/www.facebook.com\/levertendre\" \/>\n<meta property=\"article:modified_time\" content=\"2026-04-03T20:30:24+00:00\" \/>\n<meta property=\"og:image\" content=\"https:\/\/levertendre.com\/wp-content\/uploads\/2022\/06\/L143-3t1675455894235993-1.jpg\" \/>\n\t<meta property=\"og:image:width\" content=\"1280\" \/>\n\t<meta property=\"og:image:height\" content=\"853\" \/>\n<meta name=\"twitter:card\" content=\"summary\" \/>\n<meta name=\"twitter:creator\" content=\"@levertendre\" \/>\n<meta name=\"twitter:site\" content=\"@levertendre\" \/>\n<script type=\"application\/ld+json\" class=\"yoast-schema-graph\">{\"@context\":\"https:\/\/schema.org\",\"@graph\":[{\"@type\":\"WebSite\",\"@id\":\"https:\/\/levertendre.com\/en\/#website\",\"url\":\"https:\/\/levertendre.com\/en\/\",\"name\":\"Le Vertendre\",\"description\":\"Louez un chalet \\u00e9cologique au coeur d&#039;un domaine priv\\u00e9 et prot\\u00e9g\\u00e9\",\"potentialAction\":[{\"@type\":\"SearchAction\",\"target\":\"https:\/\/levertendre.com\/en\/?s={search_term_string}\",\"query-input\":\"required name=search_term_string\"}],\"inLanguage\":\"en-CA\"},{\"@type\":\"ImageObject\",\"@id\":\"https:\/\/levertendre.com\/en\/location\/zoobox-88\/#primaryimage\",\"inLanguage\":\"en-CA\",\"url\":\"https:\/\/levertendre.com\/wp-content\/uploads\/2022\/06\/L143-3t1675455894235993-1.jpg\",\"width\":1280,\"height\":853},{\"@type\":\"WebPage\",\"@id\":\"https:\/\/levertendre.com\/en\/location\/zoobox-88\/#webpage\",\"url\":\"https:\/\/levertendre.com\/en\/location\/zoobox-88\/\",\"name\":\"Zoobox 88 | Le Vertendre\",\"isPartOf\":{\"@id\":\"https:\/\/levertendre.com\/en\/#website\"},\"primaryImageOfPage\":{\"@id\":\"https:\/\/levertendre.com\/en\/location\/zoobox-88\/#primaryimage\"},\"datePublished\":\"2022-06-15T19:33:29+00:00\",\"dateModified\":\"2026-04-03T20:30:24+00:00\",\"breadcrumb\":{\"@id\":\"https:\/\/levertendre.com\/en\/location\/zoobox-88\/#breadcrumb\"},\"inLanguage\":\"en-CA\",\"potentialAction\":[{\"@type\":\"ReadAction\",\"target\":[\"https:\/\/levertendre.com\/en\/location\/zoobox-88\/\"]}]},{\"@type\":\"BreadcrumbList\",\"@id\":\"https:\/\/levertendre.com\/en\/location\/zoobox-88\/#breadcrumb\",\"itemListElement\":[{\"@type\":\"ListItem\",\"position\":1,\"item\":{\"@type\":\"WebPage\",\"@id\":\"https:\/\/levertendre.com\/en\/\",\"url\":\"https:\/\/levertendre.com\/en\/\",\"name\":\"Home\"}},{\"@type\":\"ListItem\",\"position\":2,\"item\":{\"@type\":\"WebPage\",\"@id\":\"https:\/\/levertendre.com\/en\/gift-cards\/\",\"url\":\"https:\/\/levertendre.com\/en\/gift-cards\/\",\"name\":\"Live the Vertendre experience\"}},{\"@type\":\"ListItem\",\"position\":3,\"item\":{\"@type\":\"WebPage\",\"@id\":\"https:\/\/levertendre.com\/en\/location\/zoobox-88\/\",\"url\":\"https:\/\/levertendre.com\/en\/location\/zoobox-88\/\",\"name\":\"Zoobox 88\"}}]}]}<\/script>\n<!-- \/ Yoast SEO plugin. -->","_links":{"self":[{"href":"https:\/\/levertendre.com\/en\/wp-json\/wp\/v2\/product\/19892"}],"collection":[{"href":"https:\/\/levertendre.com\/en\/wp-json\/wp\/v2\/product"}],"about":[{"href":"https:\/\/levertendre.com\/en\/wp-json\/wp\/v2\/types\/product"}],"replies":[{"embeddable":true,"href":"https:\/\/levertendre.com\/en\/wp-json\/wp\/v2\/comments?post=19892"}],"version-history":[{"count":3,"href":"https:\/\/levertendre.com\/en\/wp-json\/wp\/v2\/product\/19892\/revisions"}],"predecessor-version":[{"id":25100,"href":"https:\/\/levertendre.com\/en\/wp-json\/wp\/v2\/product\/19892\/revisions\/25100"}],"wp:featuredmedia":[{"embeddable":true,"href":"https:\/\/levertendre.com\/en\/wp-json\/wp\/v2\/media\/21122"}],"wp:attachment":[{"href":"https:\/\/levertendre.com\/en\/wp-json\/wp\/v2\/media?parent=19892"}],"curies":[{"name":"wp","href":"https:\/\/api.w.org\/{rel}","templated":true}]}}